{"id":1027,"date":"2022-08-04T22:23:42","date_gmt":"2022-08-04T19:23:42","guid":{"rendered":"http:\/\/www.mertbirolacademy.com\/?page_id=1027"},"modified":"2023-02-22T07:59:27","modified_gmt":"2023-02-22T04:59:27","slug":"coverlar","status":"publish","type":"page","link":"https:\/\/www.mertbirolacademy.com\/en\/coverlar\/","title":{"rendered":"COVERS"},"content":{"rendered":"<p>[vc_row css=&#8221;.vc_custom_1659641149059{margin-top: 35px !important;}&#8221;][vc_column width=&#8221;1\/3&#8243;][vc_column_text]<\/p>\n<h3 class=\"style-scope ytd-watch-metadata\" style=\"text-align: center;\">D\u00dc\u015eT\u00dcYSEK KALKARIZ<\/h3>\n<p>[\/vc_column_text][vc_empty_space]<div class=\"video-wrapper\"><iframe src=\"https:\/\/www.youtube.com\/embed\/6CC6mEWxGx0?wmode=transparent\" width=\"1280\" height=\"315\" style=\"border: none !important\"><\/iframe><\/div>[\/vc_column][vc_column width=&#8221;1\/3&#8243;][vc_column_text]<\/p>\n<div id=\"title\" class=\"style-scope ytd-watch-metadata\">\n<h3 class=\"style-scope ytd-watch-metadata\" style=\"text-align: center;\">FLY ME TO THE MOON<\/h3>\n<\/div>\n<p>[\/vc_column_text][vc_empty_space]<div class=\"video-wrapper\"><iframe src=\"https:\/\/www.youtube.com\/embed\/4BIHGq9J7lk?wmode=transparent\" width=\"1280\" height=\"315\" style=\"border: none !important\"><\/iframe><\/div>[\/vc_column][vc_column width=&#8221;1\/3&#8243;][vc_column_text]<\/p>\n<div id=\"title\" class=\"style-scope ytd-watch-metadata\">\n<h3 class=\"style-scope ytd-watch-metadata\" style=\"text-align: center;\">RUHUMA ASLA<\/h3>\n<\/div>\n<div id=\"top-row\" class=\"style-scope ytd-watch-metadata\">\n<h3 id=\"owner\" class=\"item style-scope ytd-watch-metadata\" style=\"text-align: center;\"><\/h3>\n<\/div>\n<p>[\/vc_column_text][vc_empty_space height=&#8221;15px&#8221;]<div class=\"video-wrapper\"><iframe src=\"https:\/\/www.youtube.com\/embed\/DS0u9mgbtQc?wmode=transparent\" width=\"1280\" height=\"315\" style=\"border: none !important\"><\/iframe><\/div>[\/vc_column][\/vc_row][vc_row css=&#8221;.vc_custom_1659641159469{margin-top: 60px !important;}&#8221;][vc_column width=&#8221;1\/3&#8243;][vc_column_text]<\/p>\n<h3 class=\"style-scope ytd-watch-metadata\" style=\"text-align: center;\">SEN YETER KI SEV<\/h3>\n<p>[\/vc_column_text][vc_empty_space]<div class=\"video-wrapper\"><iframe src=\"https:\/\/www.youtube.com\/embed\/kzgopxQ2fJ4?wmode=transparent\" width=\"1280\" height=\"315\" style=\"border: none !important\"><\/iframe><\/div>[\/vc_column][vc_column width=&#8221;1\/3&#8243;][vc_column_text]<\/p>\n<div id=\"title\" class=\"style-scope ytd-watch-metadata\">\n<h3 class=\"style-scope ytd-watch-metadata\" style=\"text-align: center;\">ARAMADIN AYLARDIR<\/h3>\n<\/div>\n<p>[\/vc_column_text][vc_empty_space]<div class=\"video-wrapper\"><iframe src=\"https:\/\/www.youtube.com\/embed\/-_chHwNuUFs?wmode=transparent\" width=\"1280\" height=\"315\" style=\"border: none !important\"><\/iframe><\/div>[\/vc_column][vc_column width=&#8221;1\/3&#8243;][vc_column_text]<\/p>\n<div id=\"title\" class=\"style-scope ytd-watch-metadata\">\n<h3 class=\"style-scope ytd-watch-metadata\" style=\"text-align: center;\">\u00a0H\u00dcSRAN<\/h3>\n<\/div>\n<p>[\/vc_column_text][vc_empty_space]<div class=\"video-wrapper\"><iframe src=\"https:\/\/www.youtube.com\/embed\/4XmpHOUyidg?wmode=transparent\" width=\"1280\" height=\"315\" style=\"border: none !important\"><\/iframe><\/div>[\/vc_column][\/vc_row][vc_row css=&#8221;.vc_custom_1659641159469{margin-top: 60px !important;}&#8221;][vc_column width=&#8221;1\/3&#8243;][vc_column_text]<\/p>\n<h3 class=\"style-scope ytd-watch-metadata\" style=\"text-align: center;\">SANA B\u0130R \u015eEY OLMASIN<\/h3>\n<p>[\/vc_column_text][vc_empty_space]<div class=\"video-wrapper\"><iframe src=\"https:\/\/www.youtube.com\/embed\/zkkjh2azqhs?wmode=transparent\" width=\"1280\" height=\"315\" style=\"border: none !important\"><\/iframe><\/div>[\/vc_column][vc_column width=&#8221;1\/3&#8243;][vc_column_text]<\/p>\n<div id=\"title\" class=\"style-scope ytd-watch-metadata\">\n<h3 class=\"style-scope ytd-watch-metadata\" style=\"text-align: center;\">BEN HER MEVS\u0130M YAZIM<\/h3>\n<\/div>\n<p>[\/vc_column_text][vc_empty_space]<div class=\"video-wrapper\"><iframe src=\"https:\/\/www.youtube.com\/embed\/cjTJ87i69Hs?wmode=transparent\" width=\"1280\" height=\"315\" style=\"border: none !important\"><\/iframe><\/div>[\/vc_column][vc_column width=&#8221;1\/3&#8243;][\/vc_column][\/vc_row]<\/p>\n","protected":false},"excerpt":{"rendered":"<p>[vc_row css=&#8221;.vc_custom_1659641149059{margin-top: 35px !important;}&#8221;][vc_column width=&#8221;1\/3&#8243;][vc_column_text] D\u00dc\u015eT\u00dcYSEK KALKARIZ [\/vc_column_text][vc_empty_space][\/vc_column][vc_column width=&#8221;1\/3&#8243;][vc_column_text] FLY ME TO THE MOON [\/vc_column_text][vc_empty_space][\/vc_column][vc_column width=&#8221;1\/3&#8243;][vc_column_text] RUHUMA ASLA [\/vc_column_text][vc_empty_space height=&#8221;15px&#8221;][\/vc_column][\/vc_row][vc_row css=&#8221;.vc_custom_1659641159469{margin-top: 60px !important;}&#8221;][vc_column width=&#8221;1\/3&#8243;][vc_column_text] SEN YETER KI SEV [\/vc_column_text][vc_empty_space][\/vc_column][vc_column width=&#8221;1\/3&#8243;][vc_column_text] ARAMADIN AYLARDIR [\/vc_column_text][vc_empty_space][\/vc_column][vc_column width=&#8221;1\/3&#8243;][vc_column_text] \u00a0H\u00dcSRAN [\/vc_column_text][vc_empty_space][\/vc_column][\/vc_row][vc_row css=&#8221;.vc_custom_1659641159469{margin-top: 60px !important;}&#8221;][vc_column width=&#8221;1\/3&#8243;][vc_column_text]&#8230;<\/p>\n","protected":false},"author":1,"featured_media":0,"parent":0,"menu_order":0,"comment_status":"closed","ping_status":"closed","template":"","meta":[],"_links":{"self":[{"href":"https:\/\/www.mertbirolacademy.com\/en\/wp-json\/wp\/v2\/pages\/1027"}],"collection":[{"href":"https:\/\/www.mertbirolacademy.com\/en\/wp-json\/wp\/v2\/pages"}],"about":[{"href":"https:\/\/www.mertbirolacademy.com\/en\/wp-json\/wp\/v2\/types\/page"}],"author":[{"embeddable":true,"href":"https:\/\/www.mertbirolacademy.com\/en\/wp-json\/wp\/v2\/users\/1"}],"replies":[{"embeddable":true,"href":"https:\/\/www.mertbirolacademy.com\/en\/wp-json\/wp\/v2\/comments?post=1027"}],"version-history":[{"count":11,"href":"https:\/\/www.mertbirolacademy.com\/en\/wp-json\/wp\/v2\/pages\/1027\/revisions"}],"predecessor-version":[{"id":1153,"href":"https:\/\/www.mertbirolacademy.com\/en\/wp-json\/wp\/v2\/pages\/1027\/revisions\/1153"}],"wp:attachment":[{"href":"https:\/\/www.mertbirolacademy.com\/en\/wp-json\/wp\/v2\/media?parent=1027"}],"curies":[{"name":"wp","href":"https:\/\/api.w.org\/{rel}","templated":true}]}}